{"id":41,"date":"2018-01-18T05:45:17","date_gmt":"2018-01-18T05:45:17","guid":{"rendered":"http:\/\/okhumedades.com\/?page_id=41"},"modified":"2020-11-26T09:42:51","modified_gmt":"2020-11-26T09:42:51","slug":"home","status":"publish","type":"page","link":"https:\/\/okhumedades.com\/blog\/home\/","title":{"rendered":"Home"},"content":{"rendered":"<p>[vc_section full_width=\u00bbstretch_row\u00bb css=\u00bb.vc_custom_1538840806528{margin-top: -70px !important;padding-top: 20px !important;padding-bottom: 20px !important;background-color: #f4f8fb !important;}\u00bb el_class=\u00bbcs_visibility\u00bb][vc_row bg_type=\u00bbimage\u00bb parallax_style=\u00bbvcpb-default\u00bb bg_image_repeat=\u00bbno-repeat\u00bb bg_image_size=\u00bbinitial\u00bb bg_image_posiiton=\u00bbtop right\u00bb css=\u00bb.vc_custom_1537708004989{padding-top: 30px !important;padding-bottom: 30px !important;padding-left: 40px !important;background-color: #ffffff !important;}\u00bb addstyles=\u00bbbox-shadow: 0 0 24px 0 rgba(0, 0, 0, 0.15); -webkit-box-shadow: 0 0 24px 0 rgba(0, 0, 0, 0.15);\u00bb el_class=\u00bbslider-overlap-section vcr_float_right\u00bb][vc_column el_align=\u00bbjustify\u00bb css=\u00bb.vc_custom_1538840795852{padding-right: 150px !important;}\u00bb offset=\u00bbvc_hidden-sm vc_hidden-xs\u00bb][dt_sc_simple_heading type=\u00bbtwo-colored-title\u00bb tag=\u00bbh1&#8243; text=\u00bbTRATAMIENTOS\u00bb subtext=\u00bbANTIHUMEDAD\u00bb class=\u00bbtext-center\u00bb]Lorem ipsum dolor sit amet, consectetur adipiscing elit. Morbi<\/p>\n<p>[\/dt_sc_simple_heading][dt_sc_hr_custom][vc_custom_heading text=\u00bbOK HUMEDADES GARANTIZA LA ELIMINACI\u00d3N DE LOS DIFERENTES TIPOS DE HUMEDAD EN SU VIVIENDA DE FORMA DEFINITIVA\u00bb font_container=\u00bbtag:p|font_size:17|text_align:center\u00bb use_theme_fonts=\u00bbyes\u00bb el_class=\u00bbtitle_italic\u00bb][dt_sc_empty_space margin_lg=\u00bb50&#8243; margin_md=\u00bb\u00bb margin_sm=\u00bb\u00bb margin_xs=\u00bb\u00bb el_id=\u00bb1516254976346-bd8ebbfe-30e4&#8243;][vc_row_inner][vc_column_inner width=\u00bb1\/2&#8243; offset=\u00bbvc_col-md-offset-0 vc_col-sm-offset-0 vc_hidden-sm vc_hidden-xs\u00bb][dt_sc_iconbox type=\u00bbtype2&#8243; icon_type=\u00bbimage\u00bb title=\u00bbExperiencia\u00bb iconurl=\u00bb12399&#8243;]Nuestro conocimiento crece con cada uno de los tratamientos aplicados a clientes satisfechos. Con esto conseguimos que d\u00eda a d\u00eda aportemos mejoras en las soluciones a problemas de humedad.[\/dt_sc_iconbox][\/vc_column_inner][vc_column_inner width=\u00bb1\/2&#8243;][dt_sc_iconbox type=\u00bbtype2&#8243; icon_type=\u00bbimage\u00bb title=\u00bbGarant\u00eda\u00bb iconurl=\u00bb12400&#8243;]Servicios 100% garantizados.<br \/>\nHasta 30 a\u00f1os de garant\u00eda certificada en los trabajos que realizamos[\/dt_sc_iconbox][\/vc_column_inner][\/vc_row_inner][vc_empty_space height=\u00bb20px\u00bb][vc_row_inner][vc_column_inner width=\u00bb1\/2&#8243; offset=\u00bbvc_col-md-offset-0 vc_col-sm-offset-0 vc_hidden-sm vc_hidden-xs\u00bb][dt_sc_iconbox type=\u00bbtype2&#8243; icon_type=\u00bbimage\u00bb title=\u00bbEquipo profesional\u00bb iconurl=\u00bb12401&#8243;]Profesionales colegiados y certificados que podr\u00e1n detectar el problema y la soluci\u00f3n que m\u00e1s se adecue a su inmueble.[\/dt_sc_iconbox][\/vc_column_inner][vc_column_inner width=\u00bb1\/2&#8243;][dt_sc_iconbox type=\u00bbtype2&#8243; icon_type=\u00bbimage\u00bb title=\u00bbInnovaci\u00f3n\u00bb iconurl=\u00bb12665&#8243;]Utilizamos la \u00faltima tecnolog\u00eda y la mayor calidad en los tratamientos que aplicamos, es por ello que los est\u00e1ndares de calidad son de elevada exigencia.[\/dt_sc_iconbox][\/vc_column_inner][\/vc_row_inner][\/vc_column][\/vc_row][vc_row full_width=\u00bbstretch_row_content\u00bb css=\u00bb.vc_custom_1537708936708{padding-top: 10px !important;}\u00bb][vc_column][dt_sc_simple_heading type=\u00bbtwo-colored-title\u00bb text=\u00bbESPECIALISTAS\u00bb subtext=\u00bbEN HUMEDAD\u00bb class=\u00bbaligncenter\u00bb]Lorem ipsum dolor sit amet, consectetur adipiscing elit. Morbi[\/dt_sc_simple_heading][dt_sc_hr_custom][vc_custom_heading text=\u00bbSoluciones adaptadas al problema de humedad de cada vivienda\u00bb font_container=\u00bbtag:p|font_size:18|text_align:center|line_height:30px\u00bb use_theme_fonts=\u00bbyes\u00bb][vc_row_inner css=\u00bb.vc_custom_1537708855840{padding-top: 20px !important;padding-right: 10% !important;padding-bottom: 10px !important;padding-left: 10% !important;}\u00bb][vc_column_inner width=\u00bb1\/4&#8243;][vc_single_image image=\u00bb12533&#8243; img_size=\u00bbfull\u00bb alignment=\u00bbcenter\u00bb style=\u00bbvc_box_shadow_3d\u00bb onclick=\u00bbcustom_link\u00bb link=\u00bb#condensacion\u00bb][vc_column_text css=\u00bb.vc_custom_1540636867004{margin-top: -4px !important;}\u00bb]<\/p>\n<h5 style=\"text-align: center;\"><a style=\"color: #00c600;\" href=\"#condensacion\">Manchas negras<\/a><\/h5>\n<p>[\/vc_column_text][\/vc_column_inner][vc_column_inner width=\u00bb1\/4&#8243;][vc_single_image image=\u00bb12530&#8243; img_size=\u00bbfull\u00bb alignment=\u00bbcenter\u00bb style=\u00bbvc_box_shadow_3d\u00bb onclick=\u00bbcustom_link\u00bb link=\u00bb#capilaridad\u00bb][vc_column_text css=\u00bb.vc_custom_1540636882327{margin-top: -4px !important;}\u00bb]<\/p>\n<h5 style=\"text-align: center;\"><a style=\"color: #00c600;\" href=\"#capilaridad\">Pared desconchada<\/a><\/h5>\n<p>[\/vc_column_text][\/vc_column_inner][vc_column_inner width=\u00bb1\/4&#8243;][vc_single_image image=\u00bb12535&#8243; img_size=\u00bbfull\u00bb alignment=\u00bbcenter\u00bb style=\u00bbvc_box_shadow_3d\u00bb onclick=\u00bbcustom_link\u00bb link=\u00bb#problemas-en-sotanos-y-garajes\u00bb][vc_column_text css=\u00bb.vc_custom_1540636955692{margin-top: -4px !important;}\u00bb]<\/p>\n<h5 style=\"text-align: center;\"><a style=\"color: #00c600;\" href=\"#problemas-en-sotanos-y-garajes\">Problemas en s\u00f3tanos y garajes<\/a><\/h5>\n<p>[\/vc_column_text][\/vc_column_inner][vc_column_inner width=\u00bb1\/4&#8243;][vc_single_image image=\u00bb12536&#8243; img_size=\u00bbfull\u00bb alignment=\u00bbcenter\u00bb style=\u00bbvc_box_shadow_3d\u00bb onclick=\u00bbcustom_link\u00bb link=\u00bb#filtracion-en-terrazas-cubiertas-y-fachadas\u00bb][vc_column_text css=\u00bb.vc_custom_1540636898104{margin-top: -4px !important;}\u00bb]<\/p>\n<h5 style=\"text-align: center;\"><a style=\"color: #00c600;\" href=\"#filtracion-en-terrazas-cubiertas-y-fachadas\">Filtraci\u00f3n en terrazas, cubiertas y fachadas<\/a><\/h5>\n<p>[\/vc_column_text][\/vc_column_inner][\/vc_row_inner][\/vc_column][\/vc_row][\/vc_section][vc_row css=\u00bb.vc_custom_1537694012651{padding-top: 30px !important;padding-bottom: 15px !important;}\u00bb][vc_column width=\u00bb1\/2&#8243;][vc_raw_html]JTNDYSUyMG5hbWUlM0QlMjJodW1lZGFkZXMlMjIlM0UlM0MlMkZhJTNF[\/vc_raw_html][vc_custom_heading text=\u00bbHUMEDADES\u00bb font_container=\u00bbtag:h3|text_align:center|color:%2300c600&#8243; use_theme_fonts=\u00bbyes\u00bb el_class=\u00bbtitle_uppercase title_bold vcr_heading-right\u00bb][vc_custom_heading text=\u00bbEl agua es el elemento fundamental para la vida y es un componente que SIEMPRE convive con nosotros. En el caso de nuestras viviendas, supone m\u00e1s de un 80 % de origen de nuestras incidencias t\u00e9cnicas en pisos, chalets, edificios, etc. Los primeros s\u00edntomas, normalmente, son las consecuencias de un problema que lleva mucho tiempo conviviendo con nosotros. Por este motivo cuando percibamos humedad ambiental (condensaci\u00f3n), deterioro de muros internos en su parte baja con subida de agua (capilaridad), filtraciones en paredes enterradas y deterioro de techos debajo de terrazas y cubiertas, es muy importante solucionarlo con los mejores profesionales y de manera inmediata ya que la humedad se empieza a manifestar en un punto y, de ah\u00ed, se va extendiendo.\u00bb font_container=\u00bbtag:p|text_align:justify\u00bb use_theme_fonts=\u00bbyes\u00bb el_class=\u00bbvcr_heading-right\u00bb][dt_sc_empty_space margin_lg=\u00bb25&#8243; margin_md=\u00bb\u00bb margin_sm=\u00bb\u00bb margin_xs=\u00bb\u00bb el_id=\u00bb1516711791212-91afbd1d-ded9&#8243;][vc_custom_heading text=\u00bbOK HUMEDADES le dar\u00e1 la soluci\u00f3n definitiva a su problema. Nuestros t\u00e9cnicos especializados en la detecci\u00f3n, tratamiento y soluci\u00f3n de humedades, har\u00e1n un estudio personalizado de su caso, y le dar\u00e1 la soluci\u00f3n para eliminar su problema con garant\u00eda.\u00bb font_container=\u00bbtag:p|text_align:justify\u00bb use_theme_fonts=\u00bbyes\u00bb el_class=\u00bbvcr_heading-right\u00bb][dt_sc_empty_space margin_lg=\u00bb15&#8243; margin_md=\u00bb\u00bb margin_sm=\u00bb\u00bb margin_xs=\u00bb\u00bb el_id=\u00bb1516711823210-3526cff0-bd18&#8243;][vc_row_inner][vc_column_inner][dt_sc_button title=\u00bb\u00a1\u00a1Si!! Quiero solucionar mi problema de humedad\u00bb size=\u00bbmedium\u00bb style=\u00bbbordered\u00bb link=\u00bburl:http%3A%2F%2Fokhumedades.com%2Fcontacto%2F|||\u00bb][\/vc_column_inner][\/vc_row_inner][\/vc_column][vc_column width=\u00bb1\/2&#8243;][vc_single_image image=\u00bb12631&#8243; img_size=\u00bbfull\u00bb el_class=\u00bbouter-frame-border\u00bb][\/vc_column][\/vc_row][vc_row css=\u00bb.vc_custom_1537694027689{padding-top: 15px !important;padding-bottom: 15px !important;}\u00bb][vc_column width=\u00bb1\/2&#8243;][vc_single_image image=\u00bb12488&#8243; img_size=\u00bbfull\u00bb el_class=\u00bbouter-frame-border\u00bb][\/vc_column][vc_column width=\u00bb1\/2&#8243;][vc_raw_html]JTNDYSUyMG5hbWUlM0QlMjJjb25kZW5zYWNpb24lMjIlM0UlM0MlMkZhJTNF[\/vc_raw_html][vc_custom_heading text=\u00bbHUMEDAD POR CONDENSACI\u00d3N\u00bb font_container=\u00bbtag:h4|text_align:left|color:%2300c600&#8243; use_theme_fonts=\u00bbyes\u00bb el_class=\u00bbtitle_uppercase title_bold vcr_heading-right\u00bb][vc_custom_heading text=\u00bbEl d\u00eda a d\u00eda y la actividad que se realiza en un domicilio puede originar acumulaci\u00f3n de agua en el ambiente de nuestra vivienda. S\u00edntomas espec\u00edficos como agua en cristales y marcos de las ventanas; moho en techos, paredes, ropa y colchones; olor fuerte a humedad en sus distintas estancias y ropa, son las se\u00f1ales caracter\u00edsticas de este problema que, m\u00e1s all\u00e1 de lo antiest\u00e9tico que supone, es un problema de salud para las personas que habitan en viviendas diagnosticada con esta patolog\u00eda debido a que consigue que aumente la poblaci\u00f3n de \u00e1caros y los hongos, microorganismos que interaccionan directamente en nuestras enfermedades respiratorias como asma, alergias y sus diferentes derivaciones.\u00bb font_container=\u00bbtag:p|text_align:justify\u00bb use_theme_fonts=\u00bbyes\u00bb el_class=\u00bbvcr_heading-right\u00bb][dt_sc_empty_space margin_lg=\u00bb15&#8243; margin_md=\u00bb\u00bb margin_sm=\u00bb\u00bb margin_xs=\u00bb\u00bb el_id=\u00bb1537693942558-91ae5305-5ffe\u00bb][vc_row_inner][vc_column_inner][dt_sc_button title=\u00bb\u00a1\u00a1Si!! Quiero solucionar mi problema de condensaci\u00f3n\u00bb size=\u00bbmedium\u00bb style=\u00bbbordered\u00bb link=\u00bburl:http%3A%2F%2Fokhumedades.com%2Fcontacto%2F|||\u00bb][\/vc_column_inner][\/vc_row_inner][vc_row_inner][vc_column_inner][dt_sc_button title=\u00bbNuestros clientes opinan\u00bb size=\u00bbmedium\u00bb style=\u00bbbordered\u00bb link=\u00bburl:https%3A%2F%2Fokhumedades.com%2Fcondensacion%2F|||\u00bb][\/vc_column_inner][\/vc_row_inner][\/vc_column][\/vc_row][vc_row css=\u00bb.vc_custom_1537694012651{padding-top: 30px !important;padding-bottom: 15px !important;}\u00bb][vc_column width=\u00bb1\/2&#8243;][vc_raw_html]JTNDYSUyMG5hbWUlM0QlMjJjYXBpbGFyaWRhZCUyMiUzRSUzQyUyRmElM0U=[\/vc_raw_html][vc_custom_heading text=\u00bbHUMEDAD POR CAPILARIDAD\u00bb font_container=\u00bbtag:h4|text_align:left|color:%2300c600&#8243; use_theme_fonts=\u00bbyes\u00bb el_class=\u00bbtitle_uppercase title_bold vcr_heading-right\u00bb][vc_custom_heading text=\u00bbSupone la subida de agua en muros interiores de las viviendas y muros perimetrales que est\u00e1n en contacto directo con el terreno. S\u00ed aparici\u00f3n es consecuencia de la aparici\u00f3n de sal y sedimentos en la parte baja de los muros afectados, esto produce desconchamiento de pintura, deterioro de yeso y, en casos m\u00e1s graves, puede llevar a da\u00f1ar y producir da\u00f1os en la estructura de los muros de la vivienda. Por este motivo, una soluci\u00f3n paliativa como pintura anti humedad, s\u00f3lo consigue poner una venda a una herida abierta y sin curar.\u00bb font_container=\u00bbtag:p|text_align:justify\u00bb use_theme_fonts=\u00bbyes\u00bb el_class=\u00bbvcr_heading-right\u00bb][dt_sc_empty_space margin_lg=\u00bb15&#8243; margin_md=\u00bb\u00bb margin_sm=\u00bb\u00bb margin_xs=\u00bb\u00bb el_id=\u00bb1537702590048-69aadf31-1b95&#8243;][vc_row_inner][vc_column_inner][dt_sc_button title=\u00bb\u00a1\u00a1Si!! Quiero solucionar mi problema de capilaridad\u00bb size=\u00bbmedium\u00bb style=\u00bbbordered\u00bb link=\u00bburl:http%3A%2F%2Fokhumedades.com%2Fcontacto%2F|||\u00bb][\/vc_column_inner][\/vc_row_inner][vc_row_inner][vc_column_inner][dt_sc_button title=\u00bbNuestros clientes opinan\u00bb size=\u00bbmedium\u00bb style=\u00bbbordered\u00bb link=\u00bburl:https%3A%2F%2Fokhumedades.com%2Fcapilaridad%2F|||\u00bb][\/vc_column_inner][\/vc_row_inner][\/vc_column][vc_column width=\u00bb1\/2&#8243;][vc_single_image image=\u00bb12633&#8243; img_size=\u00bbfull\u00bb el_class=\u00bbouter-frame-border\u00bb][\/vc_column][\/vc_row][vc_row css=\u00bb.vc_custom_1537694027689{padding-top: 15px !important;padding-bottom: 15px !important;}\u00bb][vc_column width=\u00bb1\/2&#8243;][vc_single_image image=\u00bb12634&#8243; img_size=\u00bbfull\u00bb el_class=\u00bbouter-frame-border\u00bb][\/vc_column][vc_column width=\u00bb1\/2&#8243;][vc_raw_html]JTNDYSUyMG5hbWUlM0QlMjJwcm9ibGVtYXMtZW4tc290YW5vcy15LWdhcmFqZXMlMjIlM0UlM0MlMkZhJTNF[\/vc_raw_html][vc_custom_heading text=\u00bbHUMEDAD POR FILTRACION DE AGUA DESDE TERRENO\u00bb font_container=\u00bbtag:h4|text_align:left|color:%2300c600&#8243; use_theme_fonts=\u00bbyes\u00bb el_class=\u00bbtitle_uppercase title_bold vcr_heading-right\u00bb][vc_custom_heading text=\u00bbAparecen en nuestras viviendas o partes de viviendas que tienen total o parcial desnivel con respecto a la cota de suelo. Bodegas, s\u00f3tanos, trasteros, garajes o simplemente pisos bajos cuyo suelo est\u00e1 por debajo de la l\u00ednea de suelo exterior. Esto hace que el \u00e1rea de los muros perimetrales se encuentren en contacto directo con el terreno y \u00e9ste, debido al agua que fluye en el mismo por acu\u00edferos, r\u00edos subterr\u00e1neos u otras vertientes, produzcan deterioro muy peligroso para la estabilidad de nuestros muros.\u00bb font_container=\u00bbtag:p|text_align:justify\u00bb use_theme_fonts=\u00bbyes\u00bb el_class=\u00bbvcr_heading-right\u00bb][dt_sc_empty_space margin_lg=\u00bb15&#8243; margin_md=\u00bb\u00bb margin_sm=\u00bb\u00bb margin_xs=\u00bb\u00bb el_id=\u00bb1537702692826-7ef1b764-30a7&#8243;][vc_row_inner][vc_column_inner][dt_sc_button title=\u00bb\u00a1\u00a1Si!! Quiero solucionar mi problema de infiltraciones de agua\u00bb size=\u00bbmedium\u00bb style=\u00bbbordered\u00bb link=\u00bburl:http%3A%2F%2Fokhumedades.com%2Fcontacto%2F|||\u00bb][\/vc_column_inner][\/vc_row_inner][vc_row_inner][vc_column_inner][dt_sc_button title=\u00bbNuestros clientes opinan\u00bb size=\u00bbmedium\u00bb style=\u00bbbordered\u00bb link=\u00bburl:https%3A%2F%2Fokhumedades.com%2Ffiltraciones-de-agua%2F|||\u00bb][\/vc_column_inner][\/vc_row_inner][\/vc_column][\/vc_row][vc_row css=\u00bb.vc_custom_1537694012651{padding-top: 30px !important;padding-bottom: 15px !important;}\u00bb][vc_column width=\u00bb1\/2&#8243;][vc_raw_html]JTNDYSUyMG5hbWUlM0QlMjJmaWx0cmFjaW9uLWVuLXRlcnJhemFzLWN1YmllcnRhcy15LWZhY2hhZGFzJTIyJTNFJTNDJTJGYSUzRQ==[\/vc_raw_html][vc_custom_heading text=\u00bbHUMEDAD POR FILTRACI\u00d3N EXTERIOR\u00bb font_container=\u00bbtag:h4|text_align:left|color:%2300c600&#8243; use_theme_fonts=\u00bbyes\u00bb el_class=\u00bbtitle_uppercase title_bold vcr_heading-right\u00bb][vc_custom_heading text=\u00bbLos techos de nuestras viviendas que est\u00e1n directamente expuestos a la intemperie mediante terrazas, cubiertas planas o tejados pueden sufrir con el paso del tiempo o mediante el deterioro de los mismos entrada de agua que principalmente procede de las lluvias. Lo que comienza con leves manchas o rodeles marcados producidos por el secado de esta agua que ha entrado, acaba produciendo da\u00f1os muy peligrosos en nuestros techos que posibilitan la destrucci\u00f3n de una parte tan importante de la estructura de nuestras viviendas como son las cubiertas y tejados.\u00bb font_container=\u00bbtag:p|text_align:justify\u00bb use_theme_fonts=\u00bbyes\u00bb el_class=\u00bbvcr_heading-right\u00bb][dt_sc_empty_space margin_lg=\u00bb15&#8243; margin_md=\u00bb\u00bb margin_sm=\u00bb\u00bb margin_xs=\u00bb\u00bb el_id=\u00bb1537705726945-5e15159f-117a\u00bb][vc_row_inner][vc_column_inner][dt_sc_button title=\u00bb\u00a1\u00a1Si!! Quiero solucionar mi problema de infiltraci\u00f3n exterior\u00bb size=\u00bbmedium\u00bb style=\u00bbbordered\u00bb link=\u00bburl:http%3A%2F%2Fokhumedades.com%2Fcontacto%2F|||\u00bb][\/vc_column_inner][\/vc_row_inner][vc_row_inner][vc_column_inner][dt_sc_button title=\u00bbNuestros clientes opinan\u00bb size=\u00bbmedium\u00bb style=\u00bbbordered\u00bb link=\u00bburl:https%3A%2F%2Fokhumedades.com%2Ffiltracion-exterior%2F|||\u00bb][\/vc_column_inner][\/vc_row_inner][\/vc_column][vc_column width=\u00bb1\/2&#8243;][vc_single_image image=\u00bb12635&#8243; img_size=\u00bbfull\u00bb el_class=\u00bbouter-frame-border\u00bb][\/vc_column][\/vc_row][vc_row][vc_column][vc_empty_space height=\u00bb50px\u00bb][\/vc_column][\/vc_row][vc_row][vc_column][vc_raw_html]JTNDc2NyaXB0JTIwZGVmZXIlMjBhc3luYyUyMHNyYyUzRCUyN2h0dHBzJTNBJTJGJTJGY2RuLnRydXN0aW5kZXguaW8lMkZsb2FkZXIuanMlM0Y0MDhmOTVmMTFhODI2NjllMDY1YWI0MzE4OCUyNyUzRSUzQyUyRnNjcmlwdCUzRQ==[\/vc_raw_html][vc_column_text]<\/p>\n<div class=\"brz-root__container\"><\/div>\n<p>[\/vc_column_text][\/vc_column][\/vc_row]<\/p>\n","protected":false},"excerpt":{"rendered":"<p>[vc_section full_width=\u00bbstretch_row\u00bb css=\u00bb.vc_custom_1538840806528{margin-top: -70px !important;padding-top: 20px !important;padding-bottom: 20px !important;background-color: #f4f8fb !important;}\u00bb el_class=\u00bbcs_visibility\u00bb][vc_row bg_type=\u00bbimage\u00bb parallax_style=\u00bbvcpb-default\u00bb bg_image_repeat=\u00bbno-repeat\u00bb bg_image_size=\u00bbinitial\u00bb bg_image_posiiton=\u00bbtop right\u00bb css=\u00bb.vc_custom_1537708004989{padding-top: 30px !important;padding-bottom: 30px !important;padding-left: 40px !important;background-color: #ffffff !important;}\u00bb addstyles=\u00bbbox-shadow: 0 0 24px 0 rgba(0, 0, 0, 0.15); -webkit-box-shadow: 0 0 24px 0 rgba(0, 0, 0, 0.15);\u00bb el_class=\u00bbslider-overlap-section vcr_float_right\u00bb][vc_column el_align=\u00bbjustify\u00bb css=\u00bb.vc_custom_1538840795852{padding-right: 150px !important;}\u00bb offset=\u00bbvc_hidden-sm vc_hidden-xs\u00bb][dt_sc_simple_heading type=\u00bbtwo-colored-title\u00bb tag=\u00bbh1&#8243; [&hellip;]<\/p>\n","protected":false},"author":2,"featured_media":0,"parent":0,"menu_order":0,"comment_status":"closed","ping_status":"closed","template":"","meta":[],"yoast_head":"<!-- This site is optimized with the Yoast SEO plugin v19.13 - https:\/\/yoast.com\/wordpress\/plugins\/seo\/ -->\n<title>Home - OK Humedades<\/title>\n<meta name=\"description\" content=\"OK Humedades - Empresa de Humedades, equipo profesional colegiado. Hasta 30 a\u00f1os de garant\u00eda. Humedades por condensaci\u00f3n, impermeabilizaci\u00f3n, capilaridad.\" \/>\n<meta name=\"robots\" content=\"index, follow, max-snippet:-1, max-image-preview:large, max-video-preview:-1\" \/>\n<link rel=\"canonical\" href=\"https:\/\/okhumedades.com\/blog\/home\/\" \/>\n<meta property=\"og:locale\" content=\"es_ES\" \/>\n<meta property=\"og:type\" content=\"article\" \/>\n<meta property=\"og:title\" content=\"Home - OK Humedades\" \/>\n<meta property=\"og:description\" content=\"OK Humedades - Empresa de Humedades, equipo profesional colegiado. Hasta 30 a\u00f1os de garant\u00eda. Humedades por condensaci\u00f3n, impermeabilizaci\u00f3n, capilaridad.\" \/>\n<meta property=\"og:url\" content=\"https:\/\/okhumedades.com\/blog\/home\/\" \/>\n<meta property=\"og:site_name\" content=\"OK Humedades\" \/>\n<meta property=\"article:publisher\" content=\"https:\/\/www.facebook.com\/OK-Humedades-622065884964340\" \/>\n<meta property=\"article:modified_time\" content=\"2020-11-26T09:42:51+00:00\" \/>\n<meta name=\"twitter:card\" content=\"summary_large_image\" \/>\n<meta name=\"twitter:label1\" content=\"Tiempo de lectura\" \/>\n\t<meta name=\"twitter:data1\" content=\"11 minutos\" \/>\n<script type=\"application\/ld+json\" class=\"yoast-schema-graph\">{\"@context\":\"https:\/\/schema.org\",\"@graph\":[{\"@type\":\"WebPage\",\"@id\":\"https:\/\/okhumedades.com\/blog\/home\/\",\"url\":\"https:\/\/okhumedades.com\/blog\/home\/\",\"name\":\"Home - OK Humedades\",\"isPartOf\":{\"@id\":\"https:\/\/okhumedades.com\/blog\/#website\"},\"datePublished\":\"2018-01-18T05:45:17+00:00\",\"dateModified\":\"2020-11-26T09:42:51+00:00\",\"description\":\"OK Humedades - Empresa de Humedades, equipo profesional colegiado. Hasta 30 a\u00f1os de garant\u00eda. Humedades por condensaci\u00f3n, impermeabilizaci\u00f3n, capilaridad.\",\"breadcrumb\":{\"@id\":\"https:\/\/okhumedades.com\/blog\/home\/#breadcrumb\"},\"inLanguage\":\"es\",\"potentialAction\":[{\"@type\":\"ReadAction\",\"target\":[\"https:\/\/okhumedades.com\/blog\/home\/\"]}]},{\"@type\":\"BreadcrumbList\",\"@id\":\"https:\/\/okhumedades.com\/blog\/home\/#breadcrumb\",\"itemListElement\":[{\"@type\":\"ListItem\",\"position\":1,\"name\":\"Inicio\",\"item\":\"https:\/\/okhumedades.com\/blog\/\"},{\"@type\":\"ListItem\",\"position\":2,\"name\":\"Home\"}]},{\"@type\":\"WebSite\",\"@id\":\"https:\/\/okhumedades.com\/blog\/#website\",\"url\":\"https:\/\/okhumedades.com\/blog\/\",\"name\":\"OK Humedades\",\"description\":\"Soluci\u00f3n definitiva para todo tipo de humedades. Solicita diagn\u00f3stico gratuito. 30 a\u00f1os de garant\u00eda\",\"publisher\":{\"@id\":\"https:\/\/okhumedades.com\/blog\/#organization\"},\"potentialAction\":[{\"@type\":\"SearchAction\",\"target\":{\"@type\":\"EntryPoint\",\"urlTemplate\":\"https:\/\/okhumedades.com\/blog\/?s={search_term_string}\"},\"query-input\":\"required name=search_term_string\"}],\"inLanguage\":\"es\"},{\"@type\":\"Organization\",\"@id\":\"https:\/\/okhumedades.com\/blog\/#organization\",\"name\":\"OK Humedades\",\"url\":\"https:\/\/okhumedades.com\/blog\/\",\"logo\":{\"@type\":\"ImageObject\",\"inLanguage\":\"es\",\"@id\":\"https:\/\/okhumedades.com\/blog\/#\/schema\/logo\/image\/\",\"url\":\"https:\/\/okhumedades.com\/wp-content\/uploads\/2022\/04\/logook.jpg\",\"contentUrl\":\"https:\/\/okhumedades.com\/wp-content\/uploads\/2022\/04\/logook.jpg\",\"width\":103,\"height\":129,\"caption\":\"OK Humedades\"},\"image\":{\"@id\":\"https:\/\/okhumedades.com\/blog\/#\/schema\/logo\/image\/\"},\"sameAs\":[\"https:\/\/www.facebook.com\/OK-Humedades-622065884964340\"]}]}<\/script>\n<!-- \/ Yoast SEO plugin. -->","yoast_head_json":{"title":"Home - OK Humedades","description":"OK Humedades - Empresa de Humedades, equipo profesional colegiado. Hasta 30 a\u00f1os de garant\u00eda. Humedades por condensaci\u00f3n, impermeabilizaci\u00f3n, capilaridad.","robots":{"index":"index","follow":"follow","max-snippet":"max-snippet:-1","max-image-preview":"max-image-preview:large","max-video-preview":"max-video-preview:-1"},"canonical":"https:\/\/okhumedades.com\/blog\/home\/","og_locale":"es_ES","og_type":"article","og_title":"Home - OK Humedades","og_description":"OK Humedades - Empresa de Humedades, equipo profesional colegiado. Hasta 30 a\u00f1os de garant\u00eda. Humedades por condensaci\u00f3n, impermeabilizaci\u00f3n, capilaridad.","og_url":"https:\/\/okhumedades.com\/blog\/home\/","og_site_name":"OK Humedades","article_publisher":"https:\/\/www.facebook.com\/OK-Humedades-622065884964340","article_modified_time":"2020-11-26T09:42:51+00:00","twitter_card":"summary_large_image","twitter_misc":{"Tiempo de lectura":"11 minutos"},"schema":{"@context":"https:\/\/schema.org","@graph":[{"@type":"WebPage","@id":"https:\/\/okhumedades.com\/blog\/home\/","url":"https:\/\/okhumedades.com\/blog\/home\/","name":"Home - OK Humedades","isPartOf":{"@id":"https:\/\/okhumedades.com\/blog\/#website"},"datePublished":"2018-01-18T05:45:17+00:00","dateModified":"2020-11-26T09:42:51+00:00","description":"OK Humedades - Empresa de Humedades, equipo profesional colegiado. Hasta 30 a\u00f1os de garant\u00eda. Humedades por condensaci\u00f3n, impermeabilizaci\u00f3n, capilaridad.","breadcrumb":{"@id":"https:\/\/okhumedades.com\/blog\/home\/#breadcrumb"},"inLanguage":"es","potentialAction":[{"@type":"ReadAction","target":["https:\/\/okhumedades.com\/blog\/home\/"]}]},{"@type":"BreadcrumbList","@id":"https:\/\/okhumedades.com\/blog\/home\/#breadcrumb","itemListElement":[{"@type":"ListItem","position":1,"name":"Inicio","item":"https:\/\/okhumedades.com\/blog\/"},{"@type":"ListItem","position":2,"name":"Home"}]},{"@type":"WebSite","@id":"https:\/\/okhumedades.com\/blog\/#website","url":"https:\/\/okhumedades.com\/blog\/","name":"OK Humedades","description":"Soluci\u00f3n definitiva para todo tipo de humedades. Solicita diagn\u00f3stico gratuito. 30 a\u00f1os de garant\u00eda","publisher":{"@id":"https:\/\/okhumedades.com\/blog\/#organization"},"potentialAction":[{"@type":"SearchAction","target":{"@type":"EntryPoint","urlTemplate":"https:\/\/okhumedades.com\/blog\/?s={search_term_string}"},"query-input":"required name=search_term_string"}],"inLanguage":"es"},{"@type":"Organization","@id":"https:\/\/okhumedades.com\/blog\/#organization","name":"OK Humedades","url":"https:\/\/okhumedades.com\/blog\/","logo":{"@type":"ImageObject","inLanguage":"es","@id":"https:\/\/okhumedades.com\/blog\/#\/schema\/logo\/image\/","url":"https:\/\/okhumedades.com\/wp-content\/uploads\/2022\/04\/logook.jpg","contentUrl":"https:\/\/okhumedades.com\/wp-content\/uploads\/2022\/04\/logook.jpg","width":103,"height":129,"caption":"OK Humedades"},"image":{"@id":"https:\/\/okhumedades.com\/blog\/#\/schema\/logo\/image\/"},"sameAs":["https:\/\/www.facebook.com\/OK-Humedades-622065884964340"]}]}},"_links":{"self":[{"href":"https:\/\/okhumedades.com\/blog\/wp-json\/wp\/v2\/pages\/41"}],"collection":[{"href":"https:\/\/okhumedades.com\/blog\/wp-json\/wp\/v2\/pages"}],"about":[{"href":"https:\/\/okhumedades.com\/blog\/wp-json\/wp\/v2\/types\/page"}],"author":[{"embeddable":true,"href":"https:\/\/okhumedades.com\/blog\/wp-json\/wp\/v2\/users\/2"}],"replies":[{"embeddable":true,"href":"https:\/\/okhumedades.com\/blog\/wp-json\/wp\/v2\/comments?post=41"}],"version-history":[{"count":50,"href":"https:\/\/okhumedades.com\/blog\/wp-json\/wp\/v2\/pages\/41\/revisions"}],"predecessor-version":[{"id":12853,"href":"https:\/\/okhumedades.com\/blog\/wp-json\/wp\/v2\/pages\/41\/revisions\/12853"}],"wp:attachment":[{"href":"https:\/\/okhumedades.com\/blog\/wp-json\/wp\/v2\/media?parent=41"}],"curies":[{"name":"wp","href":"https:\/\/api.w.org\/{rel}","templated":true}]}}