{"id":12757,"date":"2022-03-10T03:08:19","date_gmt":"2022-03-10T03:08:19","guid":{"rendered":"https:\/\/okhumedades.com\/?page_id=12757"},"modified":"2022-03-25T05:36:16","modified_gmt":"2022-03-25T05:36:16","slug":"blog2","status":"publish","type":"page","link":"https:\/\/okhumedades.com\/blog\/blog2\/","title":{"rendered":"Blog"},"content":{"rendered":"","protected":false},"excerpt":{"rendered":"","protected":false},"author":4,"featured_media":12551,"parent":0,"menu_order":0,"comment_status":"closed","ping_status":"closed","template":"","meta":[],"yoast_head":"<!-- This site is optimized with the Yoast SEO plugin v19.13 - https:\/\/yoast.com\/wordpress\/plugins\/seo\/ -->\n<title>Blog - OK Humedades<\/title>\n<meta name=\"robots\" content=\"index, follow, max-snippet:-1, max-image-preview:large, max-video-preview:-1\" \/>\n<link rel=\"canonical\" href=\"https:\/\/okhumedades.com\/blog\/blog2\/\" \/>\n<meta property=\"og:locale\" content=\"es_ES\" \/>\n<meta property=\"og:type\" content=\"article\" \/>\n<meta property=\"og:title\" content=\"Blog - OK Humedades\" \/>\n<meta property=\"og:url\" content=\"https:\/\/okhumedades.com\/blog\/blog2\/\" \/>\n<meta property=\"og:site_name\" content=\"OK Humedades\" \/>\n<meta property=\"article:publisher\" content=\"https:\/\/www.facebook.com\/OK-Humedades-622065884964340\" \/>\n<meta property=\"article:modified_time\" content=\"2022-03-25T05:36:16+00:00\" \/>\n<meta property=\"og:image\" content=\"https:\/\/okhumedades.com\/wp-content\/uploads\/2018\/10\/Sin-t\u00edtulo-2.png\" \/>\n\t<meta property=\"og:image:width\" content=\"512\" \/>\n\t<meta property=\"og:image:height\" content=\"512\" \/>\n\t<meta property=\"og:image:type\" content=\"image\/png\" \/>\n<meta name=\"twitter:card\" content=\"summary_large_image\" \/>\n<script type=\"application\/ld+json\" class=\"yoast-schema-graph\">{\"@context\":\"https:\/\/schema.org\",\"@graph\":[{\"@type\":\"WebPage\",\"@id\":\"https:\/\/okhumedades.com\/blog\/blog2\/\",\"url\":\"https:\/\/okhumedades.com\/blog\/blog2\/\",\"name\":\"Blog - OK Humedades\",\"isPartOf\":{\"@id\":\"https:\/\/okhumedades.com\/blog\/#website\"},\"datePublished\":\"2022-03-10T03:08:19+00:00\",\"dateModified\":\"2022-03-25T05:36:16+00:00\",\"breadcrumb\":{\"@id\":\"https:\/\/okhumedades.com\/blog\/blog2\/#breadcrumb\"},\"inLanguage\":\"es\",\"potentialAction\":[{\"@type\":\"ReadAction\",\"target\":[\"https:\/\/okhumedades.com\/blog\/blog2\/\"]}]},{\"@type\":\"BreadcrumbList\",\"@id\":\"https:\/\/okhumedades.com\/blog\/blog2\/#breadcrumb\",\"itemListElement\":[{\"@type\":\"ListItem\",\"position\":1,\"name\":\"Inicio\",\"item\":\"https:\/\/okhumedades.com\/blog\/\"},{\"@type\":\"ListItem\",\"position\":2,\"name\":\"Blog\"}]},{\"@type\":\"WebSite\",\"@id\":\"https:\/\/okhumedades.com\/blog\/#website\",\"url\":\"https:\/\/okhumedades.com\/blog\/\",\"name\":\"OK Humedades\",\"description\":\"Soluci\u00f3n definitiva para todo tipo de humedades. Solicita diagn\u00f3stico gratuito. 30 a\u00f1os de garant\u00eda\",\"publisher\":{\"@id\":\"https:\/\/okhumedades.com\/blog\/#organization\"},\"potentialAction\":[{\"@type\":\"SearchAction\",\"target\":{\"@type\":\"EntryPoint\",\"urlTemplate\":\"https:\/\/okhumedades.com\/blog\/?s={search_term_string}\"},\"query-input\":\"required name=search_term_string\"}],\"inLanguage\":\"es\"},{\"@type\":\"Organization\",\"@id\":\"https:\/\/okhumedades.com\/blog\/#organization\",\"name\":\"OK Humedades\",\"url\":\"https:\/\/okhumedades.com\/blog\/\",\"logo\":{\"@type\":\"ImageObject\",\"inLanguage\":\"es\",\"@id\":\"https:\/\/okhumedades.com\/blog\/#\/schema\/logo\/image\/\",\"url\":\"https:\/\/okhumedades.com\/wp-content\/uploads\/2022\/04\/logook.jpg\",\"contentUrl\":\"https:\/\/okhumedades.com\/wp-content\/uploads\/2022\/04\/logook.jpg\",\"width\":103,\"height\":129,\"caption\":\"OK Humedades\"},\"image\":{\"@id\":\"https:\/\/okhumedades.com\/blog\/#\/schema\/logo\/image\/\"},\"sameAs\":[\"https:\/\/www.facebook.com\/OK-Humedades-622065884964340\"]}]}<\/script>\n<!-- \/ Yoast SEO plugin. -->","yoast_head_json":{"title":"Blog - OK Humedades","robots":{"index":"index","follow":"follow","max-snippet":"max-snippet:-1","max-image-preview":"max-image-preview:large","max-video-preview":"max-video-preview:-1"},"canonical":"https:\/\/okhumedades.com\/blog\/blog2\/","og_locale":"es_ES","og_type":"article","og_title":"Blog - OK Humedades","og_url":"https:\/\/okhumedades.com\/blog\/blog2\/","og_site_name":"OK Humedades","article_publisher":"https:\/\/www.facebook.com\/OK-Humedades-622065884964340","article_modified_time":"2022-03-25T05:36:16+00:00","og_image":[{"width":512,"height":512,"url":"https:\/\/okhumedades.com\/wp-content\/uploads\/2018\/10\/Sin-t\u00edtulo-2.png","type":"image\/png"}],"twitter_card":"summary_large_image","schema":{"@context":"https:\/\/schema.org","@graph":[{"@type":"WebPage","@id":"https:\/\/okhumedades.com\/blog\/blog2\/","url":"https:\/\/okhumedades.com\/blog\/blog2\/","name":"Blog - OK Humedades","isPartOf":{"@id":"https:\/\/okhumedades.com\/blog\/#website"},"datePublished":"2022-03-10T03:08:19+00:00","dateModified":"2022-03-25T05:36:16+00:00","breadcrumb":{"@id":"https:\/\/okhumedades.com\/blog\/blog2\/#breadcrumb"},"inLanguage":"es","potentialAction":[{"@type":"ReadAction","target":["https:\/\/okhumedades.com\/blog\/blog2\/"]}]},{"@type":"BreadcrumbList","@id":"https:\/\/okhumedades.com\/blog\/blog2\/#breadcrumb","itemListElement":[{"@type":"ListItem","position":1,"name":"Inicio","item":"https:\/\/okhumedades.com\/blog\/"},{"@type":"ListItem","position":2,"name":"Blog"}]},{"@type":"WebSite","@id":"https:\/\/okhumedades.com\/blog\/#website","url":"https:\/\/okhumedades.com\/blog\/","name":"OK Humedades","description":"Soluci\u00f3n definitiva para todo tipo de humedades. Solicita diagn\u00f3stico gratuito. 30 a\u00f1os de garant\u00eda","publisher":{"@id":"https:\/\/okhumedades.com\/blog\/#organization"},"potentialAction":[{"@type":"SearchAction","target":{"@type":"EntryPoint","urlTemplate":"https:\/\/okhumedades.com\/blog\/?s={search_term_string}"},"query-input":"required name=search_term_string"}],"inLanguage":"es"},{"@type":"Organization","@id":"https:\/\/okhumedades.com\/blog\/#organization","name":"OK Humedades","url":"https:\/\/okhumedades.com\/blog\/","logo":{"@type":"ImageObject","inLanguage":"es","@id":"https:\/\/okhumedades.com\/blog\/#\/schema\/logo\/image\/","url":"https:\/\/okhumedades.com\/wp-content\/uploads\/2022\/04\/logook.jpg","contentUrl":"https:\/\/okhumedades.com\/wp-content\/uploads\/2022\/04\/logook.jpg","width":103,"height":129,"caption":"OK Humedades"},"image":{"@id":"https:\/\/okhumedades.com\/blog\/#\/schema\/logo\/image\/"},"sameAs":["https:\/\/www.facebook.com\/OK-Humedades-622065884964340"]}]}},"_links":{"self":[{"href":"https:\/\/okhumedades.com\/blog\/wp-json\/wp\/v2\/pages\/12757"}],"collection":[{"href":"https:\/\/okhumedades.com\/blog\/wp-json\/wp\/v2\/pages"}],"about":[{"href":"https:\/\/okhumedades.com\/blog\/wp-json\/wp\/v2\/types\/page"}],"author":[{"embeddable":true,"href":"https:\/\/okhumedades.com\/blog\/wp-json\/wp\/v2\/users\/4"}],"replies":[{"embeddable":true,"href":"https:\/\/okhumedades.com\/blog\/wp-json\/wp\/v2\/comments?post=12757"}],"version-history":[{"count":1,"href":"https:\/\/okhumedades.com\/blog\/wp-json\/wp\/v2\/pages\/12757\/revisions"}],"predecessor-version":[{"id":12758,"href":"https:\/\/okhumedades.com\/blog\/wp-json\/wp\/v2\/pages\/12757\/revisions\/12758"}],"wp:featuredmedia":[{"embeddable":true,"href":"https:\/\/okhumedades.com\/blog\/wp-json\/wp\/v2\/media\/12551"}],"wp:attachment":[{"href":"https:\/\/okhumedades.com\/blog\/wp-json\/wp\/v2\/media?parent=12757"}],"curies":[{"name":"wp","href":"https:\/\/api.w.org\/{rel}","templated":true}]}}