{"id":11580,"date":"2017-11-22T04:05:45","date_gmt":"2017-11-22T04:05:45","guid":{"rendered":"http:\/\/wedesignthemes.com\/themes\/maharaj\/?page_id=11289"},"modified":"2018-02-01T10:06:40","modified_gmt":"2018-02-01T10:06:40","slug":"coming-soon","status":"publish","type":"page","link":"https:\/\/okhumedades.com\/blog\/coming-soon\/","title":{"rendered":"Coming Soon"},"content":{"rendered":"<p>[vc_row full_width=\u00bbstretch_row_content_no_spaces\u00bb full_height=\u00bbyes\u00bb content_placement=\u00bbmiddle\u00bb el_class=\u00bbdt-sc-dark-bg\u00bb css=\u00bb.vc_custom_1511324548158{background-position: 0 0 !important;background-repeat: no-repeat !important;}\u00bb addstyles=\u00bbbackground-position: center center !important; background-size: cover !important;\u00bb][vc_column][vc_custom_heading text=\u00bbWe will be Back in..\u00bb font_container=\u00bbtag:h2|text_align:center\u00bb use_theme_fonts=\u00bbyes\u00bb css=\u00bb.vc_custom_1510548766430{margin-bottom: 40px !important;}\u00bb][dt_sc_down_count][dt_sc_empty_space margin_lg=\u00bb60&#8243; margin_md=\u00bb\u00bb margin_sm=\u00bb\u00bb margin_xs=\u00bb\u00bb el_id=\u00bb1517479569205-f14ddc9f-202e\u00bb][dt_sc_mc_newsletter button=\u00bbGo\u00bb title=\u00bbSubscribe us to get notified..!\u00bb]Sign-up to get the latest offers and news and stay updated.<\/p>\n<p>&lt;i&gt;Note: We do not spam&lt;\/i&gt;[\/dt_sc_mc_newsletter][dt_sc_empty_space margin_lg=\u00bb20&#8243; margin_md=\u00bb\u00bb margin_sm=\u00bb\u00bb margin_xs=\u00bb\u00bb el_id=\u00bb1517479589303-41d3f26d-b744&#8243;][\/vc_column][\/vc_row]<\/p>\n","protected":false},"excerpt":{"rendered":"<p>[vc_row full_width=\u00bbstretch_row_content_no_spaces\u00bb full_height=\u00bbyes\u00bb content_placement=\u00bbmiddle\u00bb el_class=\u00bbdt-sc-dark-bg\u00bb css=\u00bb.vc_custom_1511324548158{background-position: 0 0 !important;background-repeat: no-repeat !important;}\u00bb addstyles=\u00bbbackground-position: center center !important; background-size: cover !important;\u00bb][vc_column][vc_custom_heading text=\u00bbWe will be Back in..\u00bb font_container=\u00bbtag:h2|text_align:center\u00bb use_theme_fonts=\u00bbyes\u00bb css=\u00bb.vc_custom_1510548766430{margin-bottom: 40px !important;}\u00bb][dt_sc_down_count][dt_sc_empty_space margin_lg=\u00bb60&#8243; margin_md=\u00bb\u00bb margin_sm=\u00bb\u00bb margin_xs=\u00bb\u00bb el_id=\u00bb1517479569205-f14ddc9f-202e\u00bb][dt_sc_mc_newsletter button=\u00bbGo\u00bb title=\u00bbSubscribe us to get notified..!\u00bb]Sign-up to get the latest offers and news and stay updated. &lt;i&gt;Note: We do not spam&lt;\/i&gt;[\/dt_sc_mc_newsletter][dt_sc_empty_space margin_lg=\u00bb20&#8243; [&hellip;]<\/p>\n","protected":false},"author":2,"featured_media":0,"parent":0,"menu_order":0,"comment_status":"closed","ping_status":"closed","template":"","meta":[],"yoast_head":"<!-- This site is optimized with the Yoast SEO plugin v19.13 - https:\/\/yoast.com\/wordpress\/plugins\/seo\/ -->\n<title>Coming Soon - OK Humedades<\/title>\n<meta name=\"robots\" content=\"index, follow, max-snippet:-1, max-image-preview:large, max-video-preview:-1\" \/>\n<link rel=\"canonical\" href=\"https:\/\/okhumedades.com\/blog\/coming-soon\/\" \/>\n<meta property=\"og:locale\" content=\"es_ES\" \/>\n<meta property=\"og:type\" content=\"article\" \/>\n<meta property=\"og:title\" content=\"Coming Soon - OK Humedades\" \/>\n<meta property=\"og:description\" content=\"[vc_row full_width=\u00bbstretch_row_content_no_spaces\u00bb full_height=\u00bbyes\u00bb content_placement=\u00bbmiddle\u00bb el_class=\u00bbdt-sc-dark-bg\u00bb css=\u00bb.vc_custom_1511324548158{background-position: 0 0 !important;background-repeat: no-repeat !important;}\u00bb addstyles=\u00bbbackground-position: center center !important; background-size: cover !important;\u00bb][vc_column][vc_custom_heading text=\u00bbWe will be Back in..\u00bb font_container=\u00bbtag:h2|text_align:center\u00bb use_theme_fonts=\u00bbyes\u00bb css=\u00bb.vc_custom_1510548766430{margin-bottom: 40px !important;}\u00bb][dt_sc_down_count][dt_sc_empty_space margin_lg=\u00bb60&#8243; margin_md=\u00bb\u00bb margin_sm=\u00bb\u00bb margin_xs=\u00bb\u00bb el_id=\u00bb1517479569205-f14ddc9f-202e\u00bb][dt_sc_mc_newsletter button=\u00bbGo\u00bb title=\u00bbSubscribe us to get notified..!\u00bb]Sign-up to get the latest offers and news and stay updated. &lt;i&gt;Note: We do not spam&lt;\/i&gt;[\/dt_sc_mc_newsletter][dt_sc_empty_space margin_lg=\u00bb20&#8243; [&hellip;]\" \/>\n<meta property=\"og:url\" content=\"https:\/\/okhumedades.com\/blog\/coming-soon\/\" \/>\n<meta property=\"og:site_name\" content=\"OK Humedades\" \/>\n<meta property=\"article:publisher\" content=\"https:\/\/www.facebook.com\/OK-Humedades-622065884964340\" \/>\n<meta property=\"article:modified_time\" content=\"2018-02-01T10:06:40+00:00\" \/>\n<meta name=\"twitter:card\" content=\"summary_large_image\" \/>\n<meta name=\"twitter:label1\" content=\"Tiempo de lectura\" \/>\n\t<meta name=\"twitter:data1\" content=\"1 minuto\" \/>\n<script type=\"application\/ld+json\" class=\"yoast-schema-graph\">{\"@context\":\"https:\/\/schema.org\",\"@graph\":[{\"@type\":\"WebPage\",\"@id\":\"https:\/\/okhumedades.com\/blog\/coming-soon\/\",\"url\":\"https:\/\/okhumedades.com\/blog\/coming-soon\/\",\"name\":\"Coming Soon - OK Humedades\",\"isPartOf\":{\"@id\":\"https:\/\/okhumedades.com\/blog\/#website\"},\"datePublished\":\"2017-11-22T04:05:45+00:00\",\"dateModified\":\"2018-02-01T10:06:40+00:00\",\"breadcrumb\":{\"@id\":\"https:\/\/okhumedades.com\/blog\/coming-soon\/#breadcrumb\"},\"inLanguage\":\"es\",\"potentialAction\":[{\"@type\":\"ReadAction\",\"target\":[\"https:\/\/okhumedades.com\/blog\/coming-soon\/\"]}]},{\"@type\":\"BreadcrumbList\",\"@id\":\"https:\/\/okhumedades.com\/blog\/coming-soon\/#breadcrumb\",\"itemListElement\":[{\"@type\":\"ListItem\",\"position\":1,\"name\":\"Inicio\",\"item\":\"https:\/\/okhumedades.com\/blog\/\"},{\"@type\":\"ListItem\",\"position\":2,\"name\":\"Coming Soon\"}]},{\"@type\":\"WebSite\",\"@id\":\"https:\/\/okhumedades.com\/blog\/#website\",\"url\":\"https:\/\/okhumedades.com\/blog\/\",\"name\":\"OK Humedades\",\"description\":\"Soluci\u00f3n definitiva para todo tipo de humedades. Solicita diagn\u00f3stico gratuito. 30 a\u00f1os de garant\u00eda\",\"publisher\":{\"@id\":\"https:\/\/okhumedades.com\/blog\/#organization\"},\"potentialAction\":[{\"@type\":\"SearchAction\",\"target\":{\"@type\":\"EntryPoint\",\"urlTemplate\":\"https:\/\/okhumedades.com\/blog\/?s={search_term_string}\"},\"query-input\":\"required name=search_term_string\"}],\"inLanguage\":\"es\"},{\"@type\":\"Organization\",\"@id\":\"https:\/\/okhumedades.com\/blog\/#organization\",\"name\":\"OK Humedades\",\"url\":\"https:\/\/okhumedades.com\/blog\/\",\"logo\":{\"@type\":\"ImageObject\",\"inLanguage\":\"es\",\"@id\":\"https:\/\/okhumedades.com\/blog\/#\/schema\/logo\/image\/\",\"url\":\"https:\/\/okhumedades.com\/wp-content\/uploads\/2022\/04\/logook.jpg\",\"contentUrl\":\"https:\/\/okhumedades.com\/wp-content\/uploads\/2022\/04\/logook.jpg\",\"width\":103,\"height\":129,\"caption\":\"OK Humedades\"},\"image\":{\"@id\":\"https:\/\/okhumedades.com\/blog\/#\/schema\/logo\/image\/\"},\"sameAs\":[\"https:\/\/www.facebook.com\/OK-Humedades-622065884964340\"]}]}<\/script>\n<!-- \/ Yoast SEO plugin. -->","yoast_head_json":{"title":"Coming Soon - OK Humedades","robots":{"index":"index","follow":"follow","max-snippet":"max-snippet:-1","max-image-preview":"max-image-preview:large","max-video-preview":"max-video-preview:-1"},"canonical":"https:\/\/okhumedades.com\/blog\/coming-soon\/","og_locale":"es_ES","og_type":"article","og_title":"Coming Soon - OK Humedades","og_description":"[vc_row full_width=\u00bbstretch_row_content_no_spaces\u00bb full_height=\u00bbyes\u00bb content_placement=\u00bbmiddle\u00bb el_class=\u00bbdt-sc-dark-bg\u00bb css=\u00bb.vc_custom_1511324548158{background-position: 0 0 !important;background-repeat: no-repeat !important;}\u00bb addstyles=\u00bbbackground-position: center center !important; background-size: cover !important;\u00bb][vc_column][vc_custom_heading text=\u00bbWe will be Back in..\u00bb font_container=\u00bbtag:h2|text_align:center\u00bb use_theme_fonts=\u00bbyes\u00bb css=\u00bb.vc_custom_1510548766430{margin-bottom: 40px !important;}\u00bb][dt_sc_down_count][dt_sc_empty_space margin_lg=\u00bb60&#8243; margin_md=\u00bb\u00bb margin_sm=\u00bb\u00bb margin_xs=\u00bb\u00bb el_id=\u00bb1517479569205-f14ddc9f-202e\u00bb][dt_sc_mc_newsletter button=\u00bbGo\u00bb title=\u00bbSubscribe us to get notified..!\u00bb]Sign-up to get the latest offers and news and stay updated. &lt;i&gt;Note: We do not spam&lt;\/i&gt;[\/dt_sc_mc_newsletter][dt_sc_empty_space margin_lg=\u00bb20&#8243; [&hellip;]","og_url":"https:\/\/okhumedades.com\/blog\/coming-soon\/","og_site_name":"OK Humedades","article_publisher":"https:\/\/www.facebook.com\/OK-Humedades-622065884964340","article_modified_time":"2018-02-01T10:06:40+00:00","twitter_card":"summary_large_image","twitter_misc":{"Tiempo de lectura":"1 minuto"},"schema":{"@context":"https:\/\/schema.org","@graph":[{"@type":"WebPage","@id":"https:\/\/okhumedades.com\/blog\/coming-soon\/","url":"https:\/\/okhumedades.com\/blog\/coming-soon\/","name":"Coming Soon - OK Humedades","isPartOf":{"@id":"https:\/\/okhumedades.com\/blog\/#website"},"datePublished":"2017-11-22T04:05:45+00:00","dateModified":"2018-02-01T10:06:40+00:00","breadcrumb":{"@id":"https:\/\/okhumedades.com\/blog\/coming-soon\/#breadcrumb"},"inLanguage":"es","potentialAction":[{"@type":"ReadAction","target":["https:\/\/okhumedades.com\/blog\/coming-soon\/"]}]},{"@type":"BreadcrumbList","@id":"https:\/\/okhumedades.com\/blog\/coming-soon\/#breadcrumb","itemListElement":[{"@type":"ListItem","position":1,"name":"Inicio","item":"https:\/\/okhumedades.com\/blog\/"},{"@type":"ListItem","position":2,"name":"Coming Soon"}]},{"@type":"WebSite","@id":"https:\/\/okhumedades.com\/blog\/#website","url":"https:\/\/okhumedades.com\/blog\/","name":"OK Humedades","description":"Soluci\u00f3n definitiva para todo tipo de humedades. Solicita diagn\u00f3stico gratuito. 30 a\u00f1os de garant\u00eda","publisher":{"@id":"https:\/\/okhumedades.com\/blog\/#organization"},"potentialAction":[{"@type":"SearchAction","target":{"@type":"EntryPoint","urlTemplate":"https:\/\/okhumedades.com\/blog\/?s={search_term_string}"},"query-input":"required name=search_term_string"}],"inLanguage":"es"},{"@type":"Organization","@id":"https:\/\/okhumedades.com\/blog\/#organization","name":"OK Humedades","url":"https:\/\/okhumedades.com\/blog\/","logo":{"@type":"ImageObject","inLanguage":"es","@id":"https:\/\/okhumedades.com\/blog\/#\/schema\/logo\/image\/","url":"https:\/\/okhumedades.com\/wp-content\/uploads\/2022\/04\/logook.jpg","contentUrl":"https:\/\/okhumedades.com\/wp-content\/uploads\/2022\/04\/logook.jpg","width":103,"height":129,"caption":"OK Humedades"},"image":{"@id":"https:\/\/okhumedades.com\/blog\/#\/schema\/logo\/image\/"},"sameAs":["https:\/\/www.facebook.com\/OK-Humedades-622065884964340"]}]}},"_links":{"self":[{"href":"https:\/\/okhumedades.com\/blog\/wp-json\/wp\/v2\/pages\/11580"}],"collection":[{"href":"https:\/\/okhumedades.com\/blog\/wp-json\/wp\/v2\/pages"}],"about":[{"href":"https:\/\/okhumedades.com\/blog\/wp-json\/wp\/v2\/types\/page"}],"author":[{"embeddable":true,"href":"https:\/\/okhumedades.com\/blog\/wp-json\/wp\/v2\/users\/2"}],"replies":[{"embeddable":true,"href":"https:\/\/okhumedades.com\/blog\/wp-json\/wp\/v2\/comments?post=11580"}],"version-history":[{"count":0,"href":"https:\/\/okhumedades.com\/blog\/wp-json\/wp\/v2\/pages\/11580\/revisions"}],"wp:attachment":[{"href":"https:\/\/okhumedades.com\/blog\/wp-json\/wp\/v2\/media?parent=11580"}],"curies":[{"name":"wp","href":"https:\/\/api.w.org\/{rel}","templated":true}]}}